{"id":76,"date":"2018-03-09T09:47:55","date_gmt":"2018-03-09T09:47:55","guid":{"rendered":"http:\/\/artsped.de\/?page_id=76"},"modified":"2025-10-21T12:50:25","modified_gmt":"2025-10-21T12:50:25","slug":"leistungen","status":"publish","type":"page","link":"https:\/\/kunstsped.de\/en\/leistungen","title":{"rendered":"Services"},"content":{"rendered":"<p>F\u00fcr Galerien, Museen, Auktionsh\u00e4user, Kunst- und Antiquit\u00e4tenh\u00e4ndler oder Kunstsammler bieten wir die folgenden Leistungen:<\/p>\n<ul>\n<li>consolidated transports at fair rates through Western Europe<\/li>\n<li>Direkt- und Sonderfahrten innerhalb der EU<\/li>\n<li>sichere Verpackung Ihrer Werke f\u00fcr den Transport (von einfacher und preisg\u00fcnstiger Verpackung in Luftpolsterfolie, als auch Tyvek, Schaumpolsterfolie, PE-Kantenschutz bis hin zu Transportboxen diverse Verpackungarten nach Absprache m\u00f6glich)<\/li>\n<\/ul>\n<p>Zu unseren Liefergebieten in Beiladung z\u00e4hlen:<\/p>\n<ul>\n<li>Deutschland (regelm\u00e4\u00dfig alle Metropolregionen \u00fcblicherweise w\u00f6chentlich)<\/li>\n<li>Niederlande (2x monatlich)<\/li>\n<li>Belgien (2x monatlich)<\/li>\n<li>Luxemburg (1x monatlich)<\/li>\n<li>\u00d6sterreich (14tgl.)<\/li>\n<li>D\u00e4nemark (monatlich)<\/li>\n<li>S\u00fcdschweden bis Stockholm, G\u00f6teborg (mindestens alle 2 Monate)<\/li>\n<li>Frankreich (Paris 1-2x monatlich, Cote Azur alle 2 Monate, Rest insb. Bretagne, Bordeaux 4-6x j\u00e4hrlich)<\/li>\n<li>England (derzeit nicht, vor dem Brexit noch 18x j\u00e4hrlich&#8230;)<\/li>\n<li>Tschechien (meist mit \u00d6sterreich m\u00f6glich)<\/li>\n<li>Ungarn (bei Bedarf g\u00fcnstig m\u00f6glich)<\/li>\n<li>Slowakei (bei Bedarf g\u00fcnstig m\u00f6glich)<\/li>\n<li>Schweiz (unregelm\u00e4\u00dfig, derzeit nur Stammkunden oder gro\u00dfe Volumina)<\/li>\n<li>more on request<\/li>\n<\/ul>","protected":false},"excerpt":{"rendered":"<p>F\u00fcr Galerien, Museen, Auktionsh\u00e4user, Kunst- und Antiquit\u00e4tenh\u00e4ndler oder Kunstsammler bieten wir die folgenden Leistungen: Beiladungen und Sammeltransporte in Deutschland und im europ\u00e4ischen Ausland Direkt- und Sonderfahrten innerhalb der EU sichere Verpackung Ihrer Werke f\u00fcr den Transport (von einfacher und preisg\u00fcnstiger Verpackung in Luftpolsterfolie, als auch Tyvek, Schaumpolsterfolie, PE-Kantenschutz bis hin zu Transportboxen diverse Verpackungarten nach Absprache m\u00f6glich) Zu unseren Liefergebieten in Beiladung z\u00e4hlen: Deutschland (regelm\u00e4\u00dfig alle Metropolregionen \u00fcblicherweise w\u00f6chentlich) Niederlande (2x monatlich) Belgien (2x monatlich) Luxemburg (1x monatlich) \u00d6sterreich (14tgl.) D\u00e4nemark (monatlich) S\u00fcdschweden bis Stockholm, G\u00f6teborg (mindestens alle 2 Monate) Frankreich (Paris 1-2x monatlich, Cote Azur alle 2 Monate, Rest insb. Bretagne, Bordeaux 4-6x j\u00e4hrlich)<a class=\"more-link\" href=\"https:\/\/kunstsped.de\/en\/leistungen\">Read More &rarr;<\/a><\/p>","protected":false},"author":1,"featured_media":0,"parent":0,"menu_order":0,"comment_status":"closed","ping_status":"closed","template":"","meta":{"jetpack_post_was_ever_published":false,"footnotes":""},"class_list":["entry","page","publish","author-artspedadmin","post-76"],"yoast_head":"<!-- This site is optimized with the Yoast SEO plugin v24.1 - https:\/\/yoast.com\/wordpress\/plugins\/seo\/ -->\n<title>Leistungen - kunstsped.de<\/title>\n<meta name=\"description\" content=\"Kunsttransport, Antiquit\u00e4tentransport, Gem\u00e4ldetransport f\u00fcr Galerien, Auktionsh\u00e4user, Kunsth\u00e4ndler, Kunstsammler, Kunstliebhaber\" \/>\n<meta name=\"robots\" content=\"index, follow, max-snippet:-1, max-image-preview:large, max-video-preview:-1\" \/>\n<link rel=\"canonical\" href=\"https:\/\/kunstsped.de\/en\/leistungen\/\" \/>\n<meta property=\"og:locale\" content=\"en_US\" \/>\n<meta property=\"og:type\" content=\"article\" \/>\n<meta property=\"og:title\" content=\"Leistungen - kunstsped.de\" \/>\n<meta property=\"og:description\" content=\"Kunsttransport, Antiquit\u00e4tentransport, Gem\u00e4ldetransport f\u00fcr Galerien, Auktionsh\u00e4user, Kunsth\u00e4ndler, Kunstsammler, Kunstliebhaber\" \/>\n<meta property=\"og:url\" content=\"https:\/\/kunstsped.de\/en\/leistungen\/\" \/>\n<meta property=\"og:site_name\" content=\"kunstsped.de\" \/>\n<meta property=\"article:modified_time\" content=\"2025-10-21T12:50:25+00:00\" \/>\n<meta name=\"twitter:card\" content=\"summary_large_image\" \/>\n<meta name=\"twitter:label1\" content=\"Est. reading time\" \/>\n\t<meta name=\"twitter:data1\" content=\"1 minute\" \/>\n<script type=\"application\/ld+json\" class=\"yoast-schema-graph\">{\"@context\":\"https:\/\/schema.org\",\"@graph\":[{\"@type\":\"WebPage\",\"@id\":\"https:\/\/kunstsped.de\/leistungen\",\"url\":\"https:\/\/kunstsped.de\/leistungen\",\"name\":\"Leistungen - kunstsped.de\",\"isPartOf\":{\"@id\":\"https:\/\/kunstsped.de\/de_de\/#website\"},\"datePublished\":\"2018-03-09T09:47:55+00:00\",\"dateModified\":\"2025-10-21T12:50:25+00:00\",\"description\":\"Kunsttransport, Antiquit\u00e4tentransport, Gem\u00e4ldetransport f\u00fcr Galerien, Auktionsh\u00e4user, Kunsth\u00e4ndler, Kunstsammler, Kunstliebhaber\",\"breadcrumb\":{\"@id\":\"https:\/\/kunstsped.de\/leistungen#breadcrumb\"},\"inLanguage\":\"en-US\",\"potentialAction\":[{\"@type\":\"ReadAction\",\"target\":[\"https:\/\/kunstsped.de\/leistungen\"]}]},{\"@type\":\"BreadcrumbList\",\"@id\":\"https:\/\/kunstsped.de\/leistungen#breadcrumb\",\"itemListElement\":[{\"@type\":\"ListItem\",\"position\":1,\"name\":\"Startseite\",\"item\":\"https:\/\/kunstsped.de\/\"},{\"@type\":\"ListItem\",\"position\":2,\"name\":\"Leistungen\"}]},{\"@type\":\"WebSite\",\"@id\":\"https:\/\/kunstsped.de\/de_de\/#website\",\"url\":\"https:\/\/kunstsped.de\/de_de\/\",\"name\":\"kunstsped.de\",\"description\":\"Kunst- und Antiquit\u00e4tentransporte\",\"potentialAction\":[{\"@type\":\"SearchAction\",\"target\":{\"@type\":\"EntryPoint\",\"urlTemplate\":\"https:\/\/kunstsped.de\/de_de\/?s={search_term_string}\"},\"query-input\":{\"@type\":\"PropertyValueSpecification\",\"valueRequired\":true,\"valueName\":\"search_term_string\"}}],\"inLanguage\":\"en-US\"}]}<\/script>\n<!-- \/ Yoast SEO plugin. -->","yoast_head_json":{"title":"Leistungen - kunstsped.de","description":"Kunsttransport, Antiquit\u00e4tentransport, Gem\u00e4ldetransport f\u00fcr Galerien, Auktionsh\u00e4user, Kunsth\u00e4ndler, Kunstsammler, Kunstliebhaber","robots":{"index":"index","follow":"follow","max-snippet":"max-snippet:-1","max-image-preview":"max-image-preview:large","max-video-preview":"max-video-preview:-1"},"canonical":"https:\/\/kunstsped.de\/en\/leistungen\/","og_locale":"en_US","og_type":"article","og_title":"Leistungen - kunstsped.de","og_description":"Kunsttransport, Antiquit\u00e4tentransport, Gem\u00e4ldetransport f\u00fcr Galerien, Auktionsh\u00e4user, Kunsth\u00e4ndler, Kunstsammler, Kunstliebhaber","og_url":"https:\/\/kunstsped.de\/en\/leistungen\/","og_site_name":"kunstsped.de","article_modified_time":"2025-10-21T12:50:25+00:00","twitter_card":"summary_large_image","twitter_misc":{"Est. reading time":"1 minute"},"schema":{"@context":"https:\/\/schema.org","@graph":[{"@type":"WebPage","@id":"https:\/\/kunstsped.de\/leistungen","url":"https:\/\/kunstsped.de\/leistungen","name":"Leistungen - kunstsped.de","isPartOf":{"@id":"https:\/\/kunstsped.de\/de_de\/#website"},"datePublished":"2018-03-09T09:47:55+00:00","dateModified":"2025-10-21T12:50:25+00:00","description":"Kunsttransport, Antiquit\u00e4tentransport, Gem\u00e4ldetransport f\u00fcr Galerien, Auktionsh\u00e4user, Kunsth\u00e4ndler, Kunstsammler, Kunstliebhaber","breadcrumb":{"@id":"https:\/\/kunstsped.de\/leistungen#breadcrumb"},"inLanguage":"en-US","potentialAction":[{"@type":"ReadAction","target":["https:\/\/kunstsped.de\/leistungen"]}]},{"@type":"BreadcrumbList","@id":"https:\/\/kunstsped.de\/leistungen#breadcrumb","itemListElement":[{"@type":"ListItem","position":1,"name":"Startseite","item":"https:\/\/kunstsped.de\/"},{"@type":"ListItem","position":2,"name":"Leistungen"}]},{"@type":"WebSite","@id":"https:\/\/kunstsped.de\/de_de\/#website","url":"https:\/\/kunstsped.de\/de_de\/","name":"kunstsped.de","description":"Kunst- und Antiquit\u00e4tentransporte","potentialAction":[{"@type":"SearchAction","target":{"@type":"EntryPoint","urlTemplate":"https:\/\/kunstsped.de\/de_de\/?s={search_term_string}"},"query-input":{"@type":"PropertyValueSpecification","valueRequired":true,"valueName":"search_term_string"}}],"inLanguage":"en-US"}]}},"jetpack_sharing_enabled":true,"jetpack_shortlink":"https:\/\/wp.me\/P9IFn6-1e","jetpack_likes_enabled":true,"jetpack-related-posts":[],"_links":{"self":[{"href":"https:\/\/kunstsped.de\/en\/wp-json\/wp\/v2\/pages\/76","targetHints":{"allow":["GET"]}}],"collection":[{"href":"https:\/\/kunstsped.de\/en\/wp-json\/wp\/v2\/pages"}],"about":[{"href":"https:\/\/kunstsped.de\/en\/wp-json\/wp\/v2\/types\/page"}],"author":[{"embeddable":true,"href":"https:\/\/kunstsped.de\/en\/wp-json\/wp\/v2\/users\/1"}],"replies":[{"embeddable":true,"href":"https:\/\/kunstsped.de\/en\/wp-json\/wp\/v2\/comments?post=76"}],"version-history":[{"count":9,"href":"https:\/\/kunstsped.de\/en\/wp-json\/wp\/v2\/pages\/76\/revisions"}],"predecessor-version":[{"id":3995,"href":"https:\/\/kunstsped.de\/en\/wp-json\/wp\/v2\/pages\/76\/revisions\/3995"}],"wp:attachment":[{"href":"https:\/\/kunstsped.de\/en\/wp-json\/wp\/v2\/media?parent=76"}],"curies":[{"name":"wp","href":"https:\/\/api.w.org\/{rel}","templated":true}]}}