{"id":2681,"date":"2021-04-17T07:03:23","date_gmt":"2021-04-17T07:03:23","guid":{"rendered":"https:\/\/artsped.de\/de_de\/touren-aktuelles"},"modified":"2026-03-17T15:52:42","modified_gmt":"2026-03-17T15:52:42","slug":"touren-aktuelles","status":"publish","type":"page","link":"https:\/\/kunstsped.de\/en\/touren-aktuelles","title":{"rendered":"Aktuelles \/ Auslandstouren"},"content":{"rendered":"<h3 style=\"text-align: center;\"><span style=\"text-decoration: underline;\">Aktuelles \u00a0(Stand 3\/26)<\/span><\/h3>\n<h3><span style=\"color: #99cc00;\">n\u00e4chste Auslandstouren:<\/span><\/h3>\n<h3>Inland w\u00f6chentlich die meisten <span style=\"background-color: #ffffff;\">Metropolregionen<\/span> Deutschlands.<\/h3>\n<p>KW7: Schweden, D\u00e4nemark<\/p>\n<p>KW8: \u00d6sterreich<\/p>\n<p>KW9: Niederlande, Belgien, Frankreich (Paris)<\/p>\n<p>KW10: S\u00fcdfrankreich (Cote d&#8217;Azur)<\/p>\n<p>KW11: \u00d6sterreich<\/p>\n<p>KW12: Frankreich (Paris), Niederlande, Belgien, \u00d6sterreich (Wien \/ Salzburg), Tschechien<\/p>\n<p>KW13: S\u00fcdfrankreich, Italien<\/p>\n<p>KW14: D\u00e4nemark, Sondertour F\u00f6hr, evtl. Frankreich (Paris)<\/p>\n<p>KW15: Sondertour ART D\u00fcsseldorf<\/p>\n<p>KW16: voraussichtl. \u00d6sterreich (Wien)<\/p>\n\n\n<hr class=\"wp-block-separator has-alpha-channel-opacity\"\/>\n\n\n\n<p><iframe loading=\"lazy\" style=\"display: block; margin-left: auto; margin-right: auto; max-width: 100%;\" src=\"https:\/\/b4142a32.sibforms.com\/serve\/MUIFAFCHNIDVmFyxBUmuODZYTI0bVwEnybijUHss1JlahDKNJBWKLF-cL55RBb28Z0JSIE5s3x4Xs68hcHO0QWltI9b16YX6uOeurM31gzF_22zIw-VZYDgvf0sJQXf_UXQuSMpl6fHwP8YLn_MN9YS7-paERkkaMu89coCJGZ2G1Ho0IAWJ2JV3b3hjRYsQLZF6VfqNjS522FjxMg==\" width=\"540\" height=\"550\" frameborder=\"0\" scrolling=\"auto\" allowfullscreen=\"allowfullscreen\"><\/iframe><\/p>","protected":false},"excerpt":{"rendered":"<p>Aktuelles \u00a0(Stand 3\/26) n\u00e4chste Auslandstouren: Inland w\u00f6chentlich die meisten Metropolregionen Deutschlands. KW7: Schweden, D\u00e4nemark KW8: \u00d6sterreich KW9: Niederlande, Belgien, Frankreich (Paris) KW10: S\u00fcdfrankreich (Cote d&#8217;Azur) KW11: \u00d6sterreich KW12: Frankreich (Paris), Niederlande, Belgien, \u00d6sterreich (Wien \/ Salzburg), Tschechien KW13: S\u00fcdfrankreich, Italien KW14: D\u00e4nemark, Sondertour F\u00f6hr, evtl. Frankreich (Paris) KW15: Sondertour ART D\u00fcsseldorf KW16: voraussichtl. \u00d6sterreich (Wien)<a class=\"more-link\" href=\"https:\/\/kunstsped.de\/en\/touren-aktuelles\">Read More &rarr;<\/a><\/p>","protected":false},"author":1,"featured_media":0,"parent":0,"menu_order":0,"comment_status":"closed","ping_status":"closed","template":"","meta":{"jetpack_post_was_ever_published":false,"footnotes":""},"class_list":["entry","page","publish","author-artspedadmin","post-2681"],"yoast_head":"<!-- This site is optimized with the Yoast SEO plugin v24.1 - https:\/\/yoast.com\/wordpress\/plugins\/seo\/ -->\n<title>Aktuelles \/ Auslandstouren -<\/title>\n<meta name=\"robots\" content=\"index, follow, max-snippet:-1, max-image-preview:large, max-video-preview:-1\" \/>\n<link rel=\"canonical\" href=\"https:\/\/kunstsped.de\/en\/touren-aktuelles\/\" \/>\n<meta property=\"og:locale\" content=\"en_US\" \/>\n<meta property=\"og:type\" content=\"article\" \/>\n<meta property=\"og:title\" content=\"Aktuelles \/ Auslandstouren -\" \/>\n<meta property=\"og:description\" content=\"Aktuelles \u00a0(Stand 3\/26) n\u00e4chste Auslandstouren: Inland w\u00f6chentlich die meisten Metropolregionen Deutschlands. KW7: Schweden, D\u00e4nemark KW8: \u00d6sterreich KW9: Niederlande, Belgien, Frankreich (Paris) KW10: S\u00fcdfrankreich (Cote d&#8217;Azur) KW11: \u00d6sterreich KW12: Frankreich (Paris), Niederlande, Belgien, \u00d6sterreich (Wien \/ Salzburg), Tschechien KW13: S\u00fcdfrankreich, Italien KW14: D\u00e4nemark, Sondertour F\u00f6hr, evtl. Frankreich (Paris) KW15: Sondertour ART D\u00fcsseldorf KW16: voraussichtl. \u00d6sterreich (Wien)Read More &rarr;\" \/>\n<meta property=\"og:url\" content=\"https:\/\/kunstsped.de\/en\/touren-aktuelles\/\" \/>\n<meta property=\"og:site_name\" content=\"kunstsped.de\" \/>\n<meta property=\"article:modified_time\" content=\"2026-03-17T15:52:42+00:00\" \/>\n<meta name=\"twitter:card\" content=\"summary_large_image\" \/>\n<meta name=\"twitter:label1\" content=\"Est. reading time\" \/>\n\t<meta name=\"twitter:data1\" content=\"1 minute\" \/>\n<script type=\"application\/ld+json\" class=\"yoast-schema-graph\">{\"@context\":\"https:\/\/schema.org\",\"@graph\":[{\"@type\":\"WebPage\",\"@id\":\"https:\/\/kunstsped.de\/touren-aktuelles\",\"url\":\"https:\/\/kunstsped.de\/touren-aktuelles\",\"name\":\"Aktuelles \/ Auslandstouren -\",\"isPartOf\":{\"@id\":\"https:\/\/kunstsped.de\/de_de\/#website\"},\"datePublished\":\"2021-04-17T07:03:23+00:00\",\"dateModified\":\"2026-03-17T15:52:42+00:00\",\"breadcrumb\":{\"@id\":\"https:\/\/kunstsped.de\/touren-aktuelles#breadcrumb\"},\"inLanguage\":\"en-US\",\"potentialAction\":[{\"@type\":\"ReadAction\",\"target\":[\"https:\/\/kunstsped.de\/touren-aktuelles\"]}]},{\"@type\":\"BreadcrumbList\",\"@id\":\"https:\/\/kunstsped.de\/touren-aktuelles#breadcrumb\",\"itemListElement\":[{\"@type\":\"ListItem\",\"position\":1,\"name\":\"Startseite\",\"item\":\"https:\/\/kunstsped.de\/\"},{\"@type\":\"ListItem\",\"position\":2,\"name\":\"Aktuelles \/ Auslandstouren\"}]},{\"@type\":\"WebSite\",\"@id\":\"https:\/\/kunstsped.de\/de_de\/#website\",\"url\":\"https:\/\/kunstsped.de\/de_de\/\",\"name\":\"kunstsped.de\",\"description\":\"Kunst- und Antiquit\u00e4tentransporte\",\"potentialAction\":[{\"@type\":\"SearchAction\",\"target\":{\"@type\":\"EntryPoint\",\"urlTemplate\":\"https:\/\/kunstsped.de\/de_de\/?s={search_term_string}\"},\"query-input\":{\"@type\":\"PropertyValueSpecification\",\"valueRequired\":true,\"valueName\":\"search_term_string\"}}],\"inLanguage\":\"en-US\"}]}<\/script>\n<!-- \/ Yoast SEO plugin. -->","yoast_head_json":{"title":"Aktuelles \/ Auslandstouren -","robots":{"index":"index","follow":"follow","max-snippet":"max-snippet:-1","max-image-preview":"max-image-preview:large","max-video-preview":"max-video-preview:-1"},"canonical":"https:\/\/kunstsped.de\/en\/touren-aktuelles\/","og_locale":"en_US","og_type":"article","og_title":"Aktuelles \/ Auslandstouren -","og_description":"Aktuelles \u00a0(Stand 3\/26) n\u00e4chste Auslandstouren: Inland w\u00f6chentlich die meisten Metropolregionen Deutschlands. KW7: Schweden, D\u00e4nemark KW8: \u00d6sterreich KW9: Niederlande, Belgien, Frankreich (Paris) KW10: S\u00fcdfrankreich (Cote d&#8217;Azur) KW11: \u00d6sterreich KW12: Frankreich (Paris), Niederlande, Belgien, \u00d6sterreich (Wien \/ Salzburg), Tschechien KW13: S\u00fcdfrankreich, Italien KW14: D\u00e4nemark, Sondertour F\u00f6hr, evtl. Frankreich (Paris) KW15: Sondertour ART D\u00fcsseldorf KW16: voraussichtl. \u00d6sterreich (Wien)Read More &rarr;","og_url":"https:\/\/kunstsped.de\/en\/touren-aktuelles\/","og_site_name":"kunstsped.de","article_modified_time":"2026-03-17T15:52:42+00:00","twitter_card":"summary_large_image","twitter_misc":{"Est. reading time":"1 minute"},"schema":{"@context":"https:\/\/schema.org","@graph":[{"@type":"WebPage","@id":"https:\/\/kunstsped.de\/touren-aktuelles","url":"https:\/\/kunstsped.de\/touren-aktuelles","name":"Aktuelles \/ Auslandstouren -","isPartOf":{"@id":"https:\/\/kunstsped.de\/de_de\/#website"},"datePublished":"2021-04-17T07:03:23+00:00","dateModified":"2026-03-17T15:52:42+00:00","breadcrumb":{"@id":"https:\/\/kunstsped.de\/touren-aktuelles#breadcrumb"},"inLanguage":"en-US","potentialAction":[{"@type":"ReadAction","target":["https:\/\/kunstsped.de\/touren-aktuelles"]}]},{"@type":"BreadcrumbList","@id":"https:\/\/kunstsped.de\/touren-aktuelles#breadcrumb","itemListElement":[{"@type":"ListItem","position":1,"name":"Startseite","item":"https:\/\/kunstsped.de\/"},{"@type":"ListItem","position":2,"name":"Aktuelles \/ Auslandstouren"}]},{"@type":"WebSite","@id":"https:\/\/kunstsped.de\/de_de\/#website","url":"https:\/\/kunstsped.de\/de_de\/","name":"kunstsped.de","description":"Kunst- und Antiquit\u00e4tentransporte","potentialAction":[{"@type":"SearchAction","target":{"@type":"EntryPoint","urlTemplate":"https:\/\/kunstsped.de\/de_de\/?s={search_term_string}"},"query-input":{"@type":"PropertyValueSpecification","valueRequired":true,"valueName":"search_term_string"}}],"inLanguage":"en-US"}]}},"jetpack_sharing_enabled":true,"jetpack_shortlink":"https:\/\/wp.me\/P9IFn6-Hf","jetpack_likes_enabled":true,"jetpack-related-posts":[],"_links":{"self":[{"href":"https:\/\/kunstsped.de\/en\/wp-json\/wp\/v2\/pages\/2681","targetHints":{"allow":["GET"]}}],"collection":[{"href":"https:\/\/kunstsped.de\/en\/wp-json\/wp\/v2\/pages"}],"about":[{"href":"https:\/\/kunstsped.de\/en\/wp-json\/wp\/v2\/types\/page"}],"author":[{"embeddable":true,"href":"https:\/\/kunstsped.de\/en\/wp-json\/wp\/v2\/users\/1"}],"replies":[{"embeddable":true,"href":"https:\/\/kunstsped.de\/en\/wp-json\/wp\/v2\/comments?post=2681"}],"version-history":[{"count":748,"href":"https:\/\/kunstsped.de\/en\/wp-json\/wp\/v2\/pages\/2681\/revisions"}],"predecessor-version":[{"id":4015,"href":"https:\/\/kunstsped.de\/en\/wp-json\/wp\/v2\/pages\/2681\/revisions\/4015"}],"wp:attachment":[{"href":"https:\/\/kunstsped.de\/en\/wp-json\/wp\/v2\/media?parent=2681"}],"curies":[{"name":"wp","href":"https:\/\/api.w.org\/{rel}","templated":true}]}}