{"id":19,"date":"2018-03-01T12:35:05","date_gmt":"2018-03-01T12:35:05","guid":{"rendered":"http:\/\/artsped.de\/?page_id=19"},"modified":"2023-09-21T22:38:49","modified_gmt":"2023-09-21T22:38:49","slug":"impressum","status":"publish","type":"page","link":"https:\/\/kunstsped.de\/en\/impressum","title":{"rendered":"imprint"},"content":{"rendered":"<h1>imprint<\/h1>\n<h2>Angaben gem\u00e4\u00df \u00a7 5 TMG:<\/h2>\n<p>Internationale Kunsttransporte Bj\u00f6rn Kowalik<br \/>\nBundesstrasse 66<br \/>\n21382 Brietlingen<\/p>\n<p>G\u00fcterkraftverkehrslizenz: D-03-033-G-0109k<\/p>\n<h2>Kontakt:<\/h2>\n<p>Telefon: +49 4133 404 871<br \/>\nTelefax: +49 4133 404 872<br \/>\nE-Mail: info@kunstsped.de<\/p>\n<h2>Verantwortlich f\u00fcr den Inhalt nach \u00a7 55 Abs. 2 RStV:<\/h2>\n<p>Dipl.-Kfm. Bj\u00f6rn Kowalik<br \/>\nBundesstr. 66<br \/>\n21382 Brietlingen<\/p>\n<h2>Streitschlichtung<\/h2>\n<p>Die Europ\u00e4ische Kommission stellt eine Plattform zur Online-Streitbeilegung (OS) bereit: <a href=\"https:\/\/ec.europa.eu\/consumers\/odr\" target=\"_blank\" rel=\"noopener noreferrer\">https:\/\/ec.europa.eu\/consumers\/odr<\/a><br \/>\nUnsere E-Mail-Adresse finden Sie oben im Impressum.<\/p>\n<p>Wir sind nicht bereit oder verpflichtet, an Streitbeilegungsverfahren vor einer Verbraucherschlichtungsstelle teilzunehmen.<\/p>\n<h2>Haftung f\u00fcr Inhalte<\/h2>\n<p>Als Diensteanbieter sind wir gem\u00e4\u00df \u00a7 7 Abs.1 TMG f\u00fcr eigene Inhalte auf diesen Seiten nach den allgemeinen Gesetzen verantwortlich. Nach \u00a7\u00a7 8 bis<br \/>\n10 TMG sind wir als Diensteanbieter jedoch nicht verpflichtet, \u00fcbermittelte oder gespeicherte fremde Informationen zu \u00fcberwachen oder nach Umst\u00e4nden zu forschen, die auf eine rechtswidrige T\u00e4tigkeit hinweisen.<\/p>\n<p>Verpflichtungen zur Entfernung oder Sperrung der Nutzung von Informationen nach den allgemeinen Gesetzen bleiben hiervon unber\u00fchrt. Eine diesbez\u00fcgliche Haftung ist jedoch erst ab dem Zeitpunkt der Kenntnis einer konkreten Rechtsverletzung m\u00f6glich. Bei Bekanntwerden von entsprechenden Rechtsverletzungen werden wir diese Inhalte umgehend entfernen.<\/p>\n<h2>Haftung f\u00fcr Links<\/h2>\n<p>Unser Angebot enth\u00e4lt Links zu externen Websites Dritter, auf deren Inhalte wir keinen Einfluss haben. Deshalb k\u00f6nnen wir f\u00fcr diese fremden Inhalte auch keine Gew\u00e4hr \u00fcbernehmen. F\u00fcr die Inhalte der verlinkten Seiten ist stets der jeweilige Anbieter oder Betreiber der Seiten verantwortlich. Die verlinkten Seiten wurden zum Zeitpunkt der Verlinkung auf m\u00f6gliche Rechtsverst\u00f6\u00dfe \u00fcberpr\u00fcft. Rechtswidrige Inhalte waren zum Zeitpunkt der Verlinkung nicht erkennbar.<\/p>\n<p>Eine permanente inhaltliche Kontrolle der verlinkten Seiten ist jedoch ohne konkrete Anhaltspunkte einer Rechtsverletzung nicht zumutbar. Bei Bekanntwerden von Rechtsverletzungen werden wir derartige Links umgehend entfernen.<\/p>\n<h2>Urheberrecht<\/h2>\n<p>Die durch die Seitenbetreiber erstellten Inhalte und Werke auf diesen Seiten unterliegen dem deutschen Urheberrecht. Die Vervielf\u00e4ltigung, Bearbeitung, Verbreitung und jede Art der Verwertung au\u00dferhalb der Grenzen des Urheberrechtes bed\u00fcrfen der schriftlichen Zustimmung des jeweiligen Autors bzw. Erstellers. Downloads und Kopien dieser Seite sind nur f\u00fcr den privaten, nicht kommerziellen Gebrauch gestattet.<\/p>\n<p>Soweit die Inhalte auf dieser Seite nicht vom Betreiber erstellt wurden, werden die Urheberrechte Dritter beachtet. Insbesondere werden Inhalte Dritter als solche gekennzeichnet. Sollten Sie trotzdem auf eine Urheberrechtsverletzung aufmerksam werden, bitten wir um einen entsprechenden Hinweis. Bei Bekanntwerden von Rechtsverletzungen werden wir derartige Inhalte umgehend entfernen.<\/p>\n<p>Quelle: <a href=\"https:\/\/www.e-recht24.de\">https:\/\/www.e-recht24.de<\/a><\/p>","protected":false},"excerpt":{"rendered":"<p>Impressum Angaben gem\u00e4\u00df \u00a7 5 TMG: Internationale Kunsttransporte Bj\u00f6rn Kowalik Bundesstrasse 66 21382 Brietlingen G\u00fcterkraftverkehrslizenz: D-03-033-G-0109k Kontakt: Telefon: +49 4133 404 871 Telefax: +49 4133 404 872 E-Mail: info@kunstsped.de Verantwortlich f\u00fcr den Inhalt nach \u00a7 55 Abs. 2 RStV: Dipl.-Kfm. Bj\u00f6rn Kowalik Bundesstr. 66 21382 Brietlingen Streitschlichtung Die Europ\u00e4ische Kommission stellt eine Plattform zur Online-Streitbeilegung (OS) bereit: https:\/\/ec.europa.eu\/consumers\/odr Unsere E-Mail-Adresse finden Sie oben im Impressum. Wir sind nicht bereit oder verpflichtet, an Streitbeilegungsverfahren vor einer Verbraucherschlichtungsstelle teilzunehmen. Haftung f\u00fcr Inhalte Als Diensteanbieter sind wir gem\u00e4\u00df \u00a7 7 Abs.1 TMG f\u00fcr eigene Inhalte auf diesen Seiten nach den allgemeinen Gesetzen verantwortlich. Nach \u00a7\u00a7 8 bis 10<a class=\"more-link\" href=\"https:\/\/kunstsped.de\/en\/impressum\">Read More &rarr;<\/a><\/p>","protected":false},"author":1,"featured_media":0,"parent":0,"menu_order":0,"comment_status":"closed","ping_status":"closed","template":"","meta":{"jetpack_post_was_ever_published":false,"footnotes":""},"class_list":["entry","page","publish","author-artspedadmin","post-19"],"yoast_head":"<!-- This site is optimized with the Yoast SEO plugin v24.1 - https:\/\/yoast.com\/wordpress\/plugins\/seo\/ -->\n<title>Impressum - kunstsped.de<\/title>\n<meta name=\"description\" content=\"kunstsped.de - Kunst- und Antiquit\u00e4tentransporte \/ g\u00fcnstige Beiladungen und Sammeltransporte in Deutschland und im europ\u00e4ischen Ausland f\u00fcr Auktionsh\u00e4user, Galerien, Sammler und Privatkunden\" \/>\n<meta name=\"robots\" content=\"index, follow, max-snippet:-1, max-image-preview:large, max-video-preview:-1\" \/>\n<link rel=\"canonical\" href=\"https:\/\/kunstsped.de\/en\/impressum\/\" \/>\n<meta property=\"og:locale\" content=\"en_US\" \/>\n<meta property=\"og:type\" content=\"article\" \/>\n<meta property=\"og:title\" content=\"Impressum - kunstsped.de\" \/>\n<meta property=\"og:description\" content=\"kunstsped.de - Kunst- und Antiquit\u00e4tentransporte \/ g\u00fcnstige Beiladungen und Sammeltransporte in Deutschland und im europ\u00e4ischen Ausland f\u00fcr Auktionsh\u00e4user, Galerien, Sammler und Privatkunden\" \/>\n<meta property=\"og:url\" content=\"https:\/\/kunstsped.de\/en\/impressum\/\" \/>\n<meta property=\"og:site_name\" content=\"kunstsped.de\" \/>\n<meta property=\"article:modified_time\" content=\"2023-09-21T22:38:49+00:00\" \/>\n<meta name=\"twitter:card\" content=\"summary_large_image\" \/>\n<meta name=\"twitter:label1\" content=\"Est. reading time\" \/>\n\t<meta name=\"twitter:data1\" content=\"3 minutes\" \/>\n<script type=\"application\/ld+json\" class=\"yoast-schema-graph\">{\"@context\":\"https:\/\/schema.org\",\"@graph\":[{\"@type\":\"WebPage\",\"@id\":\"https:\/\/kunstsped.de\/impressum\",\"url\":\"https:\/\/kunstsped.de\/impressum\",\"name\":\"Impressum - kunstsped.de\",\"isPartOf\":{\"@id\":\"https:\/\/kunstsped.de\/de_de\/#website\"},\"datePublished\":\"2018-03-01T12:35:05+00:00\",\"dateModified\":\"2023-09-21T22:38:49+00:00\",\"description\":\"kunstsped.de - Kunst- und Antiquit\u00e4tentransporte \/ g\u00fcnstige Beiladungen und Sammeltransporte in Deutschland und im europ\u00e4ischen Ausland f\u00fcr Auktionsh\u00e4user, Galerien, Sammler und Privatkunden\",\"breadcrumb\":{\"@id\":\"https:\/\/kunstsped.de\/impressum#breadcrumb\"},\"inLanguage\":\"en-US\",\"potentialAction\":[{\"@type\":\"ReadAction\",\"target\":[\"https:\/\/kunstsped.de\/impressum\"]}]},{\"@type\":\"BreadcrumbList\",\"@id\":\"https:\/\/kunstsped.de\/impressum#breadcrumb\",\"itemListElement\":[{\"@type\":\"ListItem\",\"position\":1,\"name\":\"Startseite\",\"item\":\"https:\/\/kunstsped.de\/\"},{\"@type\":\"ListItem\",\"position\":2,\"name\":\"Impressum\"}]},{\"@type\":\"WebSite\",\"@id\":\"https:\/\/kunstsped.de\/de_de\/#website\",\"url\":\"https:\/\/kunstsped.de\/de_de\/\",\"name\":\"kunstsped.de\",\"description\":\"Kunst- und Antiquit\u00e4tentransporte\",\"potentialAction\":[{\"@type\":\"SearchAction\",\"target\":{\"@type\":\"EntryPoint\",\"urlTemplate\":\"https:\/\/kunstsped.de\/de_de\/?s={search_term_string}\"},\"query-input\":{\"@type\":\"PropertyValueSpecification\",\"valueRequired\":true,\"valueName\":\"search_term_string\"}}],\"inLanguage\":\"en-US\"}]}<\/script>\n<!-- \/ Yoast SEO plugin. -->","yoast_head_json":{"title":"Impressum - kunstsped.de","description":"kunstsped.de - Kunst- und Antiquit\u00e4tentransporte \/ g\u00fcnstige Beiladungen und Sammeltransporte in Deutschland und im europ\u00e4ischen Ausland f\u00fcr Auktionsh\u00e4user, Galerien, Sammler und Privatkunden","robots":{"index":"index","follow":"follow","max-snippet":"max-snippet:-1","max-image-preview":"max-image-preview:large","max-video-preview":"max-video-preview:-1"},"canonical":"https:\/\/kunstsped.de\/en\/impressum\/","og_locale":"en_US","og_type":"article","og_title":"Impressum - kunstsped.de","og_description":"kunstsped.de - Kunst- und Antiquit\u00e4tentransporte \/ g\u00fcnstige Beiladungen und Sammeltransporte in Deutschland und im europ\u00e4ischen Ausland f\u00fcr Auktionsh\u00e4user, Galerien, Sammler und Privatkunden","og_url":"https:\/\/kunstsped.de\/en\/impressum\/","og_site_name":"kunstsped.de","article_modified_time":"2023-09-21T22:38:49+00:00","twitter_card":"summary_large_image","twitter_misc":{"Est. reading time":"3 minutes"},"schema":{"@context":"https:\/\/schema.org","@graph":[{"@type":"WebPage","@id":"https:\/\/kunstsped.de\/impressum","url":"https:\/\/kunstsped.de\/impressum","name":"Impressum - kunstsped.de","isPartOf":{"@id":"https:\/\/kunstsped.de\/de_de\/#website"},"datePublished":"2018-03-01T12:35:05+00:00","dateModified":"2023-09-21T22:38:49+00:00","description":"kunstsped.de - Kunst- und Antiquit\u00e4tentransporte \/ g\u00fcnstige Beiladungen und Sammeltransporte in Deutschland und im europ\u00e4ischen Ausland f\u00fcr Auktionsh\u00e4user, Galerien, Sammler und Privatkunden","breadcrumb":{"@id":"https:\/\/kunstsped.de\/impressum#breadcrumb"},"inLanguage":"en-US","potentialAction":[{"@type":"ReadAction","target":["https:\/\/kunstsped.de\/impressum"]}]},{"@type":"BreadcrumbList","@id":"https:\/\/kunstsped.de\/impressum#breadcrumb","itemListElement":[{"@type":"ListItem","position":1,"name":"Startseite","item":"https:\/\/kunstsped.de\/"},{"@type":"ListItem","position":2,"name":"Impressum"}]},{"@type":"WebSite","@id":"https:\/\/kunstsped.de\/de_de\/#website","url":"https:\/\/kunstsped.de\/de_de\/","name":"kunstsped.de","description":"Kunst- und Antiquit\u00e4tentransporte","potentialAction":[{"@type":"SearchAction","target":{"@type":"EntryPoint","urlTemplate":"https:\/\/kunstsped.de\/de_de\/?s={search_term_string}"},"query-input":{"@type":"PropertyValueSpecification","valueRequired":true,"valueName":"search_term_string"}}],"inLanguage":"en-US"}]}},"jetpack_sharing_enabled":true,"jetpack_shortlink":"https:\/\/wp.me\/P9IFn6-j","jetpack_likes_enabled":true,"jetpack-related-posts":[],"_links":{"self":[{"href":"https:\/\/kunstsped.de\/en\/wp-json\/wp\/v2\/pages\/19","targetHints":{"allow":["GET"]}}],"collection":[{"href":"https:\/\/kunstsped.de\/en\/wp-json\/wp\/v2\/pages"}],"about":[{"href":"https:\/\/kunstsped.de\/en\/wp-json\/wp\/v2\/types\/page"}],"author":[{"embeddable":true,"href":"https:\/\/kunstsped.de\/en\/wp-json\/wp\/v2\/users\/1"}],"replies":[{"embeddable":true,"href":"https:\/\/kunstsped.de\/en\/wp-json\/wp\/v2\/comments?post=19"}],"version-history":[{"count":9,"href":"https:\/\/kunstsped.de\/en\/wp-json\/wp\/v2\/pages\/19\/revisions"}],"predecessor-version":[{"id":3571,"href":"https:\/\/kunstsped.de\/en\/wp-json\/wp\/v2\/pages\/19\/revisions\/3571"}],"wp:attachment":[{"href":"https:\/\/kunstsped.de\/en\/wp-json\/wp\/v2\/media?parent=19"}],"curies":[{"name":"wp","href":"https:\/\/api.w.org\/{rel}","templated":true}]}}