{"id":55,"date":"2018-03-06T08:49:24","date_gmt":"2018-03-06T08:49:24","guid":{"rendered":"http:\/\/artsped.de\/?page_id=55"},"modified":"2025-05-31T19:18:58","modified_gmt":"2025-05-31T19:18:58","slug":"kunsttransporte","status":"publish","type":"page","link":"https:\/\/kunstsped.de\/de_de\/","title":{"rendered":"Kunsttransporte"},"content":{"rendered":"<table style=\"height: 261px;\">\n<tbody>\n<tr style=\"height: 261px;\">\n<td style=\"width: 238px; height: 261px;\">\n<h2><img data-recalc-dims=\"1\" loading=\"lazy\" decoding=\"async\" data-attachment-id=\"1316\" data-permalink=\"https:\/\/kunstsped.de\/de_de\/kunsttransporte\/photolondon\" data-orig-file=\"https:\/\/i0.wp.com\/kunstsped.de\/wp-content\/uploads\/2019\/05\/photolondon.jpg?fit=2286%2C2420&amp;ssl=1\" data-orig-size=\"2286,2420\" data-comments-opened=\"1\" data-image-meta=\"{&quot;aperture&quot;:&quot;2.2&quot;,&quot;credit&quot;:&quot;&quot;,&quot;camera&quot;:&quot;iPhone 6&quot;,&quot;caption&quot;:&quot;&quot;,&quot;created_timestamp&quot;:&quot;1558083193&quot;,&quot;copyright&quot;:&quot;&quot;,&quot;focal_length&quot;:&quot;4.15&quot;,&quot;iso&quot;:&quot;125&quot;,&quot;shutter_speed&quot;:&quot;0.03030303030303&quot;,&quot;title&quot;:&quot;&quot;,&quot;orientation&quot;:&quot;0&quot;}\" data-image-title=\"photolondon\" data-image-description=\"\" data-image-caption=\"\" data-medium-file=\"https:\/\/i0.wp.com\/kunstsped.de\/wp-content\/uploads\/2019\/05\/photolondon.jpg?fit=283%2C300&amp;ssl=1\" data-large-file=\"https:\/\/i0.wp.com\/kunstsped.de\/wp-content\/uploads\/2019\/05\/photolondon.jpg?fit=967%2C1024&amp;ssl=1\" class=\" wp-image-1316 aligncenter\" src=\"https:\/\/i0.wp.com\/artsped.de\/wp-content\/uploads\/2019\/05\/photolondon-283x300.jpg?resize=232%2C247&#038;ssl=1\" alt=\"\" width=\"232\" height=\"247\" srcset=\"https:\/\/i0.wp.com\/kunstsped.de\/wp-content\/uploads\/2019\/05\/photolondon.jpg?resize=283%2C300&amp;ssl=1 283w, https:\/\/i0.wp.com\/kunstsped.de\/wp-content\/uploads\/2019\/05\/photolondon.jpg?resize=768%2C813&amp;ssl=1 768w, https:\/\/i0.wp.com\/kunstsped.de\/wp-content\/uploads\/2019\/05\/photolondon.jpg?resize=967%2C1024&amp;ssl=1 967w, https:\/\/i0.wp.com\/kunstsped.de\/wp-content\/uploads\/2019\/05\/photolondon.jpg?resize=425%2C450&amp;ssl=1 425w\" sizes=\"auto, (max-width: 232px) 100vw, 232px\" \/><\/h2>\n<\/td>\n<td style=\"width: 322px; height: 261px;\">\n<h1 style=\"text-align: center;\">Willkommen bei<\/h1>\n<h1 style=\"text-align: center;\"><span style=\"color: #ff0000;\">kunstsped.de<\/span><\/h1>\n<h2 style=\"text-align: center;\">Ihr Ansprechpartner f\u00fcr Kunsttransporte<\/h2>\n<\/td>\n<\/tr>\n<\/tbody>\n<\/table>\n<p style=\"text-align: center;\">Wir bieten Ihnen g\u00fcnstige Beiladungen, Sammeltransporte sowie Termin- und Direktfahrten in Deutschland und in das West- und Nordeurop\u00e4ische Ausland.<\/p>\n<p style=\"text-align: center;\">W\u00f6chentlich fahren wir fast alle Metropolregionen innerhalb Deutschlands an. Unsere geplanten Auslandstouren finden Sie im Men\u00fcpunkt Aktuelles \/ Auslandstouren.<strong><br \/><\/strong><\/p>\n<p style=\"text-align: center;\">F\u00fcr Kunstmessen wie Photo Paris, Enter Art Fair Kopenhagen, Art Karlsruhe usw. fragen Sie bitte gerne an.<\/p>\n<h1 style=\"text-align: center;\"><span style=\"color: #ff0000;\"><a style=\"color: #ff0000;\" href=\"mailto:info@kunstsped.de\">info@kunstsped.de<\/a><\/span><\/h1>\n<h1 style=\"text-align: center;\"><span style=\"color: #993300;\"><span style=\"color: #ff0000;\">Tel. 04133 404871<\/span><br \/><\/span><\/h1>\n<h3 style=\"text-align: center;\">Call: 0049 4133 404871<\/h3>\n<p style=\"text-align: center;\"><strong>Ihre Ansprechpartner: Herr Wiering \/ Frau Lorenz \/ Herr Kowalik<br \/><\/strong><\/p>\n<p style=\"text-align: center;\"><strong>\u00a0<\/strong><\/p>\n<p style=\"text-align: center;\"><strong><span style=\"color: #ff0000;\">\u00a0<\/span><\/strong><\/p>\n<p style=\"text-align: center;\"><strong>\u00a0<\/strong><\/p>\n<h4 style=\"text-align: center;\">\u00a0<\/h4>\n\n\n<p><\/p>\n\n\n","protected":false},"excerpt":{"rendered":"<p>Willkommen bei kunstsped.de Ihr Ansprechpartner f\u00fcr Kunsttransporte Wir bieten Ihnen g\u00fcnstige Beiladungen, Sammeltransporte sowie Termin- und Direktfahrten in Deutschland und in das West- und Nordeurop\u00e4ische Ausland. W\u00f6chentlich fahren wir fast alle Metropolregionen innerhalb Deutschlands an. Unsere geplanten Auslandstouren finden Sie im Men\u00fcpunkt Aktuelles \/ Auslandstouren. F\u00fcr Kunstmessen wie Photo Paris, Enter Art Fair Kopenhagen, Art Karlsruhe usw. fragen Sie bitte gerne an. info@kunstsped.de Tel. 04133 404871 Call: 0049 4133 404871 Ihre Ansprechpartner: Herr Wiering \/ Frau Lorenz \/ Herr Kowalik \u00a0 \u00a0 \u00a0 \u00a0<a class=\"more-link\" href=\"https:\/\/kunstsped.de\/de_de\/\">Read More &rarr;<\/a><\/p>\n","protected":false},"author":1,"featured_media":0,"parent":0,"menu_order":0,"comment_status":"closed","ping_status":"closed","template":"","meta":{"jetpack_post_was_ever_published":false,"footnotes":""},"class_list":["entry","page","publish","author-artspedadmin","post-55"],"yoast_head":"<!-- This site is optimized with the Yoast SEO plugin v24.1 - https:\/\/yoast.com\/wordpress\/plugins\/seo\/ -->\n<title>kunstsped.de - Kunsttransporte<\/title>\n<meta name=\"description\" content=\"kunstsped.de - Kunst- und Antiquit\u00e4tentransporte \/ g\u00fcnstige Beiladungen und Sammeltransporte in Deutschland und im europ\u00e4ischen Ausland f\u00fcr Auktionsh\u00e4user, Galerien, Sammler und Privatkunden \/ Kunsttransporte \/ Antiquit\u00e4tentransporte\" \/>\n<meta name=\"robots\" content=\"index, follow, max-snippet:-1, max-image-preview:large, max-video-preview:-1\" \/>\n<link rel=\"canonical\" href=\"https:\/\/kunstsped.de\/de_de\/\" \/>\n<meta property=\"og:locale\" content=\"de_DE\" \/>\n<meta property=\"og:type\" content=\"article\" \/>\n<meta property=\"og:title\" content=\"kunstsped.de - Kunsttransporte\" \/>\n<meta property=\"og:description\" content=\"kunstsped.de - Kunst- und Antiquit\u00e4tentransporte \/ g\u00fcnstige Beiladungen und Sammeltransporte in Deutschland und im europ\u00e4ischen Ausland f\u00fcr Auktionsh\u00e4user, Galerien, Sammler und Privatkunden \/ Kunsttransporte \/ Antiquit\u00e4tentransporte\" \/>\n<meta property=\"og:url\" content=\"https:\/\/kunstsped.de\/de_de\/\" \/>\n<meta property=\"og:site_name\" content=\"kunstsped.de\" \/>\n<meta property=\"article:modified_time\" content=\"2025-05-31T19:18:58+00:00\" \/>\n<meta property=\"og:image\" content=\"https:\/\/artsped.de\/wp-content\/uploads\/2019\/05\/photolondon-283x300.jpg\" \/>\n<meta name=\"twitter:card\" content=\"summary_large_image\" \/>\n<meta name=\"twitter:label1\" content=\"Gesch\u00e4tzte Lesezeit\" \/>\n\t<meta name=\"twitter:data1\" content=\"1\u00a0Minute\" \/>\n<script type=\"application\/ld+json\" class=\"yoast-schema-graph\">{\"@context\":\"https:\/\/schema.org\",\"@graph\":[{\"@type\":\"WebPage\",\"@id\":\"https:\/\/kunstsped.de\/\",\"url\":\"https:\/\/kunstsped.de\/\",\"name\":\"kunstsped.de - Kunsttransporte\",\"isPartOf\":{\"@id\":\"https:\/\/kunstsped.de\/de_de\/#website\"},\"primaryImageOfPage\":{\"@id\":\"https:\/\/kunstsped.de\/#primaryimage\"},\"image\":{\"@id\":\"https:\/\/kunstsped.de\/#primaryimage\"},\"thumbnailUrl\":\"https:\/\/artsped.de\/wp-content\/uploads\/2019\/05\/photolondon-283x300.jpg\",\"datePublished\":\"2018-03-06T08:49:24+00:00\",\"dateModified\":\"2025-05-31T19:18:58+00:00\",\"description\":\"kunstsped.de - Kunst- und Antiquit\u00e4tentransporte \/ g\u00fcnstige Beiladungen und Sammeltransporte in Deutschland und im europ\u00e4ischen Ausland f\u00fcr Auktionsh\u00e4user, Galerien, Sammler und Privatkunden \/ Kunsttransporte \/ Antiquit\u00e4tentransporte\",\"breadcrumb\":{\"@id\":\"https:\/\/kunstsped.de\/#breadcrumb\"},\"inLanguage\":\"de\",\"potentialAction\":[{\"@type\":\"ReadAction\",\"target\":[\"https:\/\/kunstsped.de\/\"]}]},{\"@type\":\"ImageObject\",\"inLanguage\":\"de\",\"@id\":\"https:\/\/kunstsped.de\/#primaryimage\",\"url\":\"https:\/\/artsped.de\/wp-content\/uploads\/2019\/05\/photolondon-283x300.jpg\",\"contentUrl\":\"https:\/\/artsped.de\/wp-content\/uploads\/2019\/05\/photolondon-283x300.jpg\"},{\"@type\":\"BreadcrumbList\",\"@id\":\"https:\/\/kunstsped.de\/#breadcrumb\",\"itemListElement\":[{\"@type\":\"ListItem\",\"position\":1,\"name\":\"Startseite\",\"item\":\"https:\/\/kunstsped.de\/\"},{\"@type\":\"ListItem\",\"position\":2,\"name\":\"Kunsttransporte\"}]},{\"@type\":\"WebSite\",\"@id\":\"https:\/\/kunstsped.de\/de_de\/#website\",\"url\":\"https:\/\/kunstsped.de\/de_de\/\",\"name\":\"kunstsped.de\",\"description\":\"Kunst- und Antiquit\u00e4tentransporte\",\"potentialAction\":[{\"@type\":\"SearchAction\",\"target\":{\"@type\":\"EntryPoint\",\"urlTemplate\":\"https:\/\/kunstsped.de\/de_de\/?s={search_term_string}\"},\"query-input\":{\"@type\":\"PropertyValueSpecification\",\"valueRequired\":true,\"valueName\":\"search_term_string\"}}],\"inLanguage\":\"de\"}]}<\/script>\n<!-- \/ Yoast SEO plugin. -->","yoast_head_json":{"title":"kunstsped.de - Kunsttransporte","description":"kunstsped.de - Kunst- und Antiquit\u00e4tentransporte \/ g\u00fcnstige Beiladungen und Sammeltransporte in Deutschland und im europ\u00e4ischen Ausland f\u00fcr Auktionsh\u00e4user, Galerien, Sammler und Privatkunden \/ Kunsttransporte \/ Antiquit\u00e4tentransporte","robots":{"index":"index","follow":"follow","max-snippet":"max-snippet:-1","max-image-preview":"max-image-preview:large","max-video-preview":"max-video-preview:-1"},"canonical":"https:\/\/kunstsped.de\/de_de\/","og_locale":"de_DE","og_type":"article","og_title":"kunstsped.de - Kunsttransporte","og_description":"kunstsped.de - Kunst- und Antiquit\u00e4tentransporte \/ g\u00fcnstige Beiladungen und Sammeltransporte in Deutschland und im europ\u00e4ischen Ausland f\u00fcr Auktionsh\u00e4user, Galerien, Sammler und Privatkunden \/ Kunsttransporte \/ Antiquit\u00e4tentransporte","og_url":"https:\/\/kunstsped.de\/de_de\/","og_site_name":"kunstsped.de","article_modified_time":"2025-05-31T19:18:58+00:00","og_image":[{"url":"https:\/\/artsped.de\/wp-content\/uploads\/2019\/05\/photolondon-283x300.jpg","type":"","width":"","height":""}],"twitter_card":"summary_large_image","twitter_misc":{"Gesch\u00e4tzte Lesezeit":"1\u00a0Minute"},"schema":{"@context":"https:\/\/schema.org","@graph":[{"@type":"WebPage","@id":"https:\/\/kunstsped.de\/","url":"https:\/\/kunstsped.de\/","name":"kunstsped.de - Kunsttransporte","isPartOf":{"@id":"https:\/\/kunstsped.de\/de_de\/#website"},"primaryImageOfPage":{"@id":"https:\/\/kunstsped.de\/#primaryimage"},"image":{"@id":"https:\/\/kunstsped.de\/#primaryimage"},"thumbnailUrl":"https:\/\/artsped.de\/wp-content\/uploads\/2019\/05\/photolondon-283x300.jpg","datePublished":"2018-03-06T08:49:24+00:00","dateModified":"2025-05-31T19:18:58+00:00","description":"kunstsped.de - Kunst- und Antiquit\u00e4tentransporte \/ g\u00fcnstige Beiladungen und Sammeltransporte in Deutschland und im europ\u00e4ischen Ausland f\u00fcr Auktionsh\u00e4user, Galerien, Sammler und Privatkunden \/ Kunsttransporte \/ Antiquit\u00e4tentransporte","breadcrumb":{"@id":"https:\/\/kunstsped.de\/#breadcrumb"},"inLanguage":"de","potentialAction":[{"@type":"ReadAction","target":["https:\/\/kunstsped.de\/"]}]},{"@type":"ImageObject","inLanguage":"de","@id":"https:\/\/kunstsped.de\/#primaryimage","url":"https:\/\/artsped.de\/wp-content\/uploads\/2019\/05\/photolondon-283x300.jpg","contentUrl":"https:\/\/artsped.de\/wp-content\/uploads\/2019\/05\/photolondon-283x300.jpg"},{"@type":"BreadcrumbList","@id":"https:\/\/kunstsped.de\/#breadcrumb","itemListElement":[{"@type":"ListItem","position":1,"name":"Startseite","item":"https:\/\/kunstsped.de\/"},{"@type":"ListItem","position":2,"name":"Kunsttransporte"}]},{"@type":"WebSite","@id":"https:\/\/kunstsped.de\/de_de\/#website","url":"https:\/\/kunstsped.de\/de_de\/","name":"kunstsped.de","description":"Kunst- und Antiquit\u00e4tentransporte","potentialAction":[{"@type":"SearchAction","target":{"@type":"EntryPoint","urlTemplate":"https:\/\/kunstsped.de\/de_de\/?s={search_term_string}"},"query-input":{"@type":"PropertyValueSpecification","valueRequired":true,"valueName":"search_term_string"}}],"inLanguage":"de"}]}},"jetpack_sharing_enabled":true,"jetpack_shortlink":"https:\/\/wp.me\/P9IFn6-T","jetpack_likes_enabled":true,"jetpack-related-posts":[],"_links":{"self":[{"href":"https:\/\/kunstsped.de\/de_de\/wp-json\/wp\/v2\/pages\/55","targetHints":{"allow":["GET"]}}],"collection":[{"href":"https:\/\/kunstsped.de\/de_de\/wp-json\/wp\/v2\/pages"}],"about":[{"href":"https:\/\/kunstsped.de\/de_de\/wp-json\/wp\/v2\/types\/page"}],"author":[{"embeddable":true,"href":"https:\/\/kunstsped.de\/de_de\/wp-json\/wp\/v2\/users\/1"}],"replies":[{"embeddable":true,"href":"https:\/\/kunstsped.de\/de_de\/wp-json\/wp\/v2\/comments?post=55"}],"version-history":[{"count":457,"href":"https:\/\/kunstsped.de\/de_de\/wp-json\/wp\/v2\/pages\/55\/revisions"}],"predecessor-version":[{"id":3986,"href":"https:\/\/kunstsped.de\/de_de\/wp-json\/wp\/v2\/pages\/55\/revisions\/3986"}],"wp:attachment":[{"href":"https:\/\/kunstsped.de\/de_de\/wp-json\/wp\/v2\/media?parent=55"}],"curies":[{"name":"wp","href":"https:\/\/api.w.org\/{rel}","templated":true}]}}